{"id":2,"date":"2025-11-12T08:45:35","date_gmt":"2025-11-12T11:45:35","guid":{"rendered":"http:\/\/trizz.com.br\/?page_id=2"},"modified":"2026-02-27T10:03:28","modified_gmt":"2026-02-27T13:03:28","slug":"pagina-exemplo","status":"publish","type":"page","link":"https:\/\/trizz.com.br\/","title":{"rendered":"Home"},"content":{"rendered":"\t\t<div data-elementor-type=\"wp-page\" data-elementor-id=\"2\" class=\"elementor elementor-2\">\n\t\t\t\t\t\t<section class=\"elementor-section elementor-top-section elementor-element elementor-element-40128f1 elementor-section-boxed elementor-section-height-default elementor-section-height-default\" data-id=\"40128f1\" data-element_type=\"section\" data-e-type=\"section\">\n\t\t\t\t\t\t<div class=\"elementor-container elementor-column-gap-default\">\n\t\t\t\t\t<div class=\"elementor-column elementor-col-100 elementor-top-column elementor-element elementor-element-2174b48\" data-id=\"2174b48\" data-element_type=\"column\" data-e-type=\"column\">\n\t\t\t<div class=\"elementor-widget-wrap\">\n\t\t\t\t\t\t\t<\/div>\n\t\t<\/div>\n\t\t\t\t\t<\/div>\n\t\t<\/section>\n\t\t\t\t<section class=\"elementor-section elementor-top-section elementor-element elementor-element-139c9e0 elementor-section-full_width elementor-section-height-default elementor-section-height-default\" data-id=\"139c9e0\" data-element_type=\"section\" data-e-type=\"section\">\n\t\t\t\t\t\t<div class=\"elementor-container elementor-column-gap-default\">\n\t\t\t\t\t<div class=\"elementor-column elementor-col-100 elementor-top-column elementor-element elementor-element-eb69601\" data-id=\"eb69601\" data-element_type=\"column\" data-e-type=\"column\">\n\t\t\t<div class=\"elementor-widget-wrap elementor-element-populated\">\n\t\t\t\t\t\t<div class=\"elementor-element elementor-element-e09fe61 elementor-arrows-position-inside elementor-pagination-position-outside elementor-widget elementor-widget-image-carousel\" data-id=\"e09fe61\" data-element_type=\"widget\" data-e-type=\"widget\" data-settings=\"{&quot;slides_to_show&quot;:&quot;1&quot;,&quot;navigation&quot;:&quot;both&quot;,&quot;autoplay&quot;:&quot;yes&quot;,&quot;pause_on_hover&quot;:&quot;yes&quot;,&quot;pause_on_interaction&quot;:&quot;yes&quot;,&quot;autoplay_speed&quot;:5000,&quot;infinite&quot;:&quot;yes&quot;,&quot;effect&quot;:&quot;slide&quot;,&quot;speed&quot;:500}\" data-widget_type=\"image-carousel.default\">\n\t\t\t\t<div class=\"elementor-widget-container\">\n\t\t\t\t\t\t\t<div class=\"elementor-image-carousel-wrapper swiper\" role=\"region\" aria-roledescription=\"carousel\" aria-label=\"Carrossel de imagens\" dir=\"ltr\">\n\t\t\t<div class=\"elementor-image-carousel swiper-wrapper\" aria-live=\"off\">\n\t\t\t\t\t\t\t\t<div class=\"swiper-slide\" role=\"group\" aria-roledescription=\"slide\" aria-label=\"1 of 3\"><a data-elementor-open-lightbox=\"yes\" data-elementor-lightbox-slideshow=\"e09fe61\" data-elementor-lightbox-title=\"banner-1\" data-e-action-hash=\"#elementor-action%3Aaction%3Dlightbox%26settings%3DeyJpZCI6MTg2LCJ1cmwiOiJodHRwczpcL1wvdHJpenouY29tLmJyXC93cC1jb250ZW50XC91cGxvYWRzXC8yMDI1XC8xMVwvYmFubmVyLTEuanBnIiwic2xpZGVzaG93IjoiZTA5ZmU2MSJ9\" href=\"https:\/\/trizz.com.br\"><figure class=\"swiper-slide-inner\"><img decoding=\"async\" class=\"swiper-slide-image\" src=\"https:\/\/trizz.com.br\/wp-content\/uploads\/elementor\/thumbs\/banner-1-rfgqe6m2fsxnkrq7e1q1otdysbs4m6z11xvkyhakc8.jpg\" alt=\"banner-1\" \/><\/figure><\/a><\/div><div class=\"swiper-slide\" role=\"group\" aria-roledescription=\"slide\" aria-label=\"2 of 3\"><a data-elementor-open-lightbox=\"yes\" data-elementor-lightbox-slideshow=\"e09fe61\" data-elementor-lightbox-title=\"banner-2\" data-e-action-hash=\"#elementor-action%3Aaction%3Dlightbox%26settings%3DeyJpZCI6MTg5LCJ1cmwiOiJodHRwczpcL1wvdHJpenouY29tLmJyXC93cC1jb250ZW50XC91cGxvYWRzXC8yMDI1XC8xMVwvYmFubmVyLTIud2VicCIsInNsaWRlc2hvdyI6ImUwOWZlNjEifQ%3D%3D\" href=\"https:\/\/trizz.com.br\"><figure class=\"swiper-slide-inner\"><img decoding=\"async\" class=\"swiper-slide-image\" src=\"https:\/\/trizz.com.br\/wp-content\/uploads\/elementor\/thumbs\/banner-2-rfgqrccq4ay648m2jqi0lhua6ix4dn7qv2oatxs588.webp\" alt=\"banner-2\" \/><\/figure><\/a><\/div><div class=\"swiper-slide\" role=\"group\" aria-roledescription=\"slide\" aria-label=\"3 of 3\"><a data-elementor-open-lightbox=\"yes\" data-elementor-lightbox-slideshow=\"e09fe61\" data-elementor-lightbox-title=\"boneco-neve\" data-e-action-hash=\"#elementor-action%3Aaction%3Dlightbox%26settings%3DeyJpZCI6Mjg1LCJ1cmwiOiJodHRwczpcL1wvdHJpenouY29tLmJyXC93cC1jb250ZW50XC91cGxvYWRzXC8yMDI1XC8xMVwvYm9uZWNvLW5ldmUud2VicCIsInNsaWRlc2hvdyI6ImUwOWZlNjEifQ%3D%3D\" href=\"https:\/\/trizz.com.br\"><figure class=\"swiper-slide-inner\"><img decoding=\"async\" class=\"swiper-slide-image\" src=\"https:\/\/trizz.com.br\/wp-content\/uploads\/elementor\/thumbs\/boneco-neve-rfgyg14fvnppo0phvu3j269x6p5r66nb8jwpf5j7nc.webp\" alt=\"boneco-neve\" \/><\/figure><\/a><\/div>\t\t\t<\/div>\n\t\t\t\t\t\t\t\t\t\t\t\t<div class=\"elementor-swiper-button elementor-swiper-button-prev\" role=\"button\" tabindex=\"0\">\n\t\t\t\t\t\t<i aria-hidden=\"true\" class=\"eicon-chevron-left\"><\/i>\t\t\t\t\t<\/div>\n\t\t\t\t\t<div class=\"elementor-swiper-button elementor-swiper-button-next\" role=\"button\" tabindex=\"0\">\n\t\t\t\t\t\t<i aria-hidden=\"true\" class=\"eicon-chevron-right\"><\/i>\t\t\t\t\t<\/div>\n\t\t\t\t\n\t\t\t\t\t\t\t\t\t<div class=\"swiper-pagination\"><\/div>\n\t\t\t\t\t\t\t\t\t<\/div>\n\t\t\t\t\t\t<\/div>\n\t\t\t\t<\/div>\n\t\t\t\t\t<\/div>\n\t\t<\/div>\n\t\t\t\t\t<\/div>\n\t\t<\/section>\n\t\t\t\t<section class=\"elementor-section elementor-top-section elementor-element elementor-element-106ad785 elementor-section-boxed elementor-section-height-default elementor-section-height-default\" data-id=\"106ad785\" data-element_type=\"section\" data-e-type=\"section\">\n\t\t\t\t\t\t<div class=\"elementor-container elementor-column-gap-default\">\n\t\t\t\t\t<div class=\"elementor-column elementor-col-100 elementor-top-column elementor-element elementor-element-8f40c13\" data-id=\"8f40c13\" data-element_type=\"column\" data-e-type=\"column\">\n\t\t\t<div class=\"elementor-widget-wrap elementor-element-populated\">\n\t\t\t\t\t\t<div class=\"elementor-element elementor-element-4d408f01 elementor-widget elementor-widget-text-editor\" data-id=\"4d408f01\" data-element_type=\"widget\" data-e-type=\"widget\" data-widget_type=\"text-editor.default\">\n\t\t\t\t<div class=\"elementor-widget-container\">\n\t\t\t\t\t\t\t\t\t<p>Em nossa p\u00e1gina voc\u00ea encontra produtos para todas as suas necessidades. Computadores pessoais e gamers, linha Office e componentes para montar seu equipamento como preferir. Linha completa de perif\u00e9ricos dos melhores fabricantes do mercado nacional e importadores de grandes centros tecnol\u00f3gicos.<\/p>\n<p><!-- \/wp:paragraph --><!-- wp:quote --><\/p>\n<blockquote class=\"wp-block-quote\">\n<p>Confira as linhas dedicadas para uso em Office e\u00a0 Office como tamb\u00e9m os PCs Gamers com produtos de alta qualidade,de fabricantes e importadores consagrados.<\/p>\n<\/blockquote>\n<p><!-- \/wp:quote --><!-- wp:paragraph --><\/p>\n<p>&#8230;Conhe\u00e7a tamb\u00e9m:<\/p>\n<p><!-- \/wp:paragraph --><!-- wp:quote --><\/p>\n<blockquote class=\"wp-block-quote\">\n<p>Headsets, headphones, fones de ouvido de todos os gostos e aplica\u00e7\u00f5es. Abafadores de ru\u00eddo, combos para Gamers, com seus leds coloridos que deixar\u00e3o seu entretenimento ainda mais prazeroso e divertido.<\/p>\n<\/blockquote>\n<p><!-- \/wp:quote --><!-- wp:paragraph --><\/p>\n<p>Nas se\u00e7\u00f5es de Not\u00edcias e Review reservamos mat\u00e9rias sobre o que est\u00e1 acontecendo no mercado tecnol\u00f3gico e an\u00e1lises de alguns produtos relevantes de nosso portif\u00f3lio. Em Produtos voc\u00ea tem a apresenta\u00e7\u00e3o de alguns dos produtos que comercializamos, divididos em categorias (Office, Gamer, Monitores, Acess\u00f3rios etc).<\/p>\n<p><!-- \/wp:paragraph --><\/p>\t\t\t\t\t\t\t\t<\/div>\n\t\t\t\t<\/div>\n\t\t\t\t\t<\/div>\n\t\t<\/div>\n\t\t\t\t\t<\/div>\n\t\t<\/section>\n\t\t\t\t<\/div>\n\t\t","protected":false},"excerpt":{"rendered":"<p>Em nossa p\u00e1gina voc\u00ea encontra produtos para todas as suas necessidades. Computadores pessoais e gamers, linha Office e componentes para montar seu equipamento como preferir.&hellip;<\/p>\n","protected":false},"author":1,"featured_media":0,"parent":0,"menu_order":0,"comment_status":"closed","ping_status":"open","template":"","meta":{"footnotes":""},"class_list":["post-2","page","type-page","status-publish","hentry"],"_links":{"self":[{"href":"https:\/\/trizz.com.br\/index.php?rest_route=\/wp\/v2\/pages\/2","targetHints":{"allow":["GET"]}}],"collection":[{"href":"https:\/\/trizz.com.br\/index.php?rest_route=\/wp\/v2\/pages"}],"about":[{"href":"https:\/\/trizz.com.br\/index.php?rest_route=\/wp\/v2\/types\/page"}],"author":[{"embeddable":true,"href":"https:\/\/trizz.com.br\/index.php?rest_route=\/wp\/v2\/users\/1"}],"replies":[{"embeddable":true,"href":"https:\/\/trizz.com.br\/index.php?rest_route=%2Fwp%2Fv2%2Fcomments&post=2"}],"version-history":[{"count":116,"href":"https:\/\/trizz.com.br\/index.php?rest_route=\/wp\/v2\/pages\/2\/revisions"}],"predecessor-version":[{"id":1480,"href":"https:\/\/trizz.com.br\/index.php?rest_route=\/wp\/v2\/pages\/2\/revisions\/1480"}],"wp:attachment":[{"href":"https:\/\/trizz.com.br\/index.php?rest_route=%2Fwp%2Fv2%2Fmedia&parent=2"}],"curies":[{"name":"wp","href":"https:\/\/api.w.org\/{rel}","templated":true}]}}